{"id":1088,"date":"2015-06-25T15:18:58","date_gmt":"2015-06-25T13:18:58","guid":{"rendered":"http:\/\/www.mitechsrl.it\/beyond\/?page_id=1088"},"modified":"2015-12-21T17:56:55","modified_gmt":"2015-12-21T16:56:55","slug":"wearable-technologies","status":"publish","type":"page","link":"https:\/\/www.mitechsrl.it\/en\/aree-di-competenza\/enterprise-portal-app\/wearable-technologies\/","title":{"rendered":"Wearable Technologies"},"content":{"rendered":"<p>[vc_row][vc_column width=&#8221;2\/3&#8243;][vc_column_text]<\/p>\n<p style=\"text-align: justify;\">Wearable Technology,\u00a0&#8220;tecnologie indossabili&#8221; sono oggi sempre pi\u00f9 diffusi nei diversi settori merceologici come nel quotidiano.<\/p>\n<p style=\"text-align: justify;\">Con pi\u00f9 di <strong>350 diversi dispositivi sul mercato<\/strong>, le applicazioni che si possono immaginare diventano potenzialmente &#8220;infinite&#8221;.\u00a0In ambito aziendale, sicuramente gli\u00a0Smart Glass sono lo strumento che meglio garantisce vantaggi concreti sulle attivit\u00e0 di business.<\/p>\n<h4 style=\"text-align: justify;\">Il principale vantaggio che la\u00a0Wearable Technology introduce, \u00e8 in primis quello di poter operare con le mani libere;\u00a0gli Smart Glass in particolare rendono accessibili dati di valore ed informazioni in modo facile e istantaneo.<\/h4>\n<p>&nbsp;<\/p>\n<p style=\"text-align: justify;\">Sono questi benefici\u00a0a rivoluzionare il flusso\u00a0delle attivit\u00e0 lavorative, rendendole pi\u00f9 sicure e semplici e garantendo su ogni specifica attivit\u00e0 una riduzione dei tempi operativi e degli errori commessi.<\/p>\n<h2 style=\"text-align: right;\">I dati con te, senza sentirne il peso!<\/h2>\n<p>[\/vc_column_text][\/vc_column][vc_column width=&#8221;1\/3&#8243;][vc_single_image image=&#8221;1965&#8243; img_size=&#8221;full&#8221; alignment=&#8221;center&#8221; onclick=&#8221;img_link_large&#8221; img_link_target=&#8221;_blank&#8221; css_animation=&#8221;appear&#8221;][\/vc_column][\/vc_row][vc_row full_width=&#8221;stretch_row&#8221; parallax=&#8221;content-moving&#8221; ia_row_style=&#8221;0&#8243; ia_row_paralax=&#8221;0&#8243; ia_row_scheme=&#8221;1&#8243; css=&#8221;.vc_custom_1449656464376{background-color: #38b4da !important;}&#8221;][vc_column][vc_empty_space height=&#8221;60px&#8221;][vc_row_inner][vc_column_inner width=&#8221;1\/4&#8243;][vc_single_image image=&#8221;2303&#8243; img_size=&#8221;full&#8221;][\/vc_column_inner][vc_column_inner width=&#8221;3\/4&#8243;][vc_column_text]<\/p>\n<div class=\"wpb_text_column wpb_content_element  wpb_animate_when_almost_visible wpb_appear wpb_start_animation\">\n<div class=\"wpb_wrapper\">\n<h2 style=\"text-align: justify;\"><span style=\"color: #ffffff;\">Skylight \u00e8 la piattaforma multi-device e multi-scenario ad oggi pi\u00f9 completa per la creazione di applicazioni su Smart Glass.<\/span><\/h2>\n<p>&nbsp;<\/p>\n<h2 style=\"text-align: justify;\"><span style=\"color: #ffffff;\">Sviluppata da APX-Labs, leader nel settore da oltre 5 anni, Skylight funziona\u00a0sui principali modelli di Smart Glass e Smart Watch presenti\u00a0sul mercato, permettendo di visualizzare informazioni e interagire con il device.<\/span><\/h2>\n<\/div>\n<\/div>\n<p>[\/vc_column_text][\/vc_column_inner][\/vc_row_inner][vc_empty_space height=&#8221;30px&#8221;][\/vc_column][\/vc_row][vc_row][vc_column][vc_empty_space height=&#8221;56px&#8221;][\/vc_column][\/vc_row][vc_row ia_row_style=&#8221;0&#8243; ia_row_paralax=&#8221;0&#8243; ia_row_scheme=&#8221;0&#8243;][vc_column width=&#8221;1\/3&#8243;][vc_column_text]<\/p>\n<h1 style=\"font-size: 6em; text-align: center; color: #808080;\"><strong>12 sec<\/strong><\/h1>\n<h4 style=\"color: #808080;\">Tempo risparmiabile sulla singola operazione<\/h4>\n<p>[\/vc_column_text][\/vc_column][vc_column width=&#8221;1\/3&#8243;][vc_empty_space height=&#8221;48px&#8221;][vc_column_text]<\/p>\n<h3><span style=\"color: #808080;\"><strong style=\"font-size: 1.1em;\">Accesso ai dati<\/strong> in completa mobilit\u00e0<\/span><\/h3>\n<h3><span style=\"color: #808080;\">Possibilit\u00e0 di lavoro\u00a0<strong style=\"font-size: 1.1em;\">senza ingombro<\/strong><\/span><\/h3>\n<h3><span style=\"color: #808080;\">Maggiore <strong style=\"font-size: 1.1em;\">sicurezza<\/strong> sul lavoro<\/span><\/h3>\n<p>[\/vc_column_text][\/vc_column][vc_column width=&#8221;1\/3&#8243;][vc_empty_space height=&#8221;48px&#8221;][vc_column_text]<\/p>\n<h3><span style=\"color: #808080;\"><strong style=\"font-size: 1.1em;\">Riduzione di errori<\/strong> sul flusso operativo<\/span><\/h3>\n<h3><span style=\"color: #808080;\"><strong style=\"font-size: 1.1em;\">Tempi di training<\/strong> ridotti<\/span><\/h3>\n<h3><span style=\"color: #808080;\"><strong style=\"font-size: 1.1em;\">Tempi operativi<\/strong>\u00a0pi\u00f9 netti ed efficaci<\/span><\/h3>\n<p>[\/vc_column_text][\/vc_column][\/vc_row][vc_row][vc_column][vc_empty_space height=&#8221;56px&#8221;][\/vc_column][\/vc_row][vc_row ia_row_style=&#8221;0&#8243; ia_row_paralax=&#8221;0&#8243; ia_row_scheme=&#8221;0&#8243;][vc_column][vc_empty_space][vc_row_inner][vc_column_inner width=&#8221;1\/2&#8243;][vc_single_image image=&#8221;2292&#8243; img_size=&#8221;full&#8221;][\/vc_column_inner][vc_column_inner width=&#8221;1\/2&#8243;][vc_column_text]<\/p>\n<h1>INFORMAZIONI<\/h1>\n<p>&nbsp;<\/p>\n<p>Visualizza informazioni in tempo reale.<\/p>\n<h3><\/h3>\n<h3>BENEFICI<\/h3>\n<p>Accesso costante a qualsiasi tipo di dato.[\/vc_column_text][\/vc_column_inner][\/vc_row_inner][vc_empty_space][vc_row_inner][vc_column_inner width=&#8221;1\/2&#8243;][vc_column_text]<\/p>\n<h1>NAVIGAZIONE<\/h1>\n<p>&nbsp;<\/p>\n<p>Raggiungi prima l&#8217;obbiettivo attraverso la navigazione guidata.<\/p>\n<h3><\/h3>\n<h3>BENEFICI<\/h3>\n<p>Maggior\u00a0efficienza e tempi risparmiati negli spostamenti.[\/vc_column_text][\/vc_column_inner][vc_column_inner width=&#8221;1\/2&#8243;][vc_single_image image=&#8221;2293&#8243; img_size=&#8221;full&#8221;][\/vc_column_inner][\/vc_row_inner][vc_empty_space][vc_row_inner][vc_column_inner width=&#8221;1\/2&#8243;][vc_single_image image=&#8221;2294&#8243; img_size=&#8221;full&#8221;][\/vc_column_inner][vc_column_inner width=&#8221;1\/2&#8243;][vc_column_text]<\/p>\n<h1>TASK E WORKSTREAM<\/h1>\n<p>&nbsp;<\/p>\n<p>Visualizza le operazioni da compiere, step by step.<\/p>\n<h3>BENEFICI<\/h3>\n<p>Maggior\u00a0efficienza nello svolgimento delle operazioni;<\/p>\n<p>Minori tempi di training[\/vc_column_text][\/vc_column_inner][\/vc_row_inner][vc_empty_space][vc_row_inner][vc_column_inner width=&#8221;1\/2&#8243;][vc_column_text]<\/p>\n<h1>LETTURA CODICI<\/h1>\n<p>&nbsp;<\/p>\n<p>Scansione immediata di codici a barre e QR code.<\/p>\n<h3><\/h3>\n<h3>BENEFICI<\/h3>\n<p>Migliora il processo di documentazione;<\/p>\n<p>Accesso rapido alle informazioni specifiche;<\/p>\n<p>Miglioramento dell&#8217;efficienza legata ad alcuni ambiti (es. logistica).[\/vc_column_text][\/vc_column_inner][vc_column_inner width=&#8221;1\/2&#8243;][vc_single_image image=&#8221;2295&#8243; img_size=&#8221;full&#8221;][\/vc_column_inner][\/vc_row_inner][vc_empty_space][vc_row_inner][vc_column_inner width=&#8221;1\/2&#8243;][vc_single_image image=&#8221;2296&#8243; img_size=&#8221;full&#8221;][\/vc_column_inner][vc_column_inner width=&#8221;1\/2&#8243;][vc_column_text]<\/p>\n<h1>IMMAGINI E VIDEO<\/h1>\n<p>&nbsp;<\/p>\n<p>Visualizza immagini e video a supporto del lavoro da svolgere.<\/p>\n<h3><\/h3>\n<h3>BENEFICI<\/h3>\n<p>Maggiore capacit\u00e0 di effettuare operazioni complesse anche senza aver perfettamente memorizzato le procedure;<\/p>\n<p>Migliore formazione del personale;<\/p>\n<p>Comunicazione pi\u00f9 facile ed intuitiva.[\/vc_column_text][\/vc_column_inner][\/vc_row_inner][vc_empty_space][vc_row_inner][vc_column_inner width=&#8221;1\/2&#8243;][vc_column_text]<\/p>\n<h1>FOTOCAMERA E VIDEOCAMERA<\/h1>\n<p>&nbsp;<\/p>\n<p>Registra il lavoro svolto e documenta il risultato tramite foto e video.<\/p>\n<h3><\/h3>\n<h3>BENEFICI<\/h3>\n<p>Documentazione pi\u00f9 immediata e pi\u00f9 completa rispetto a quella tradizionale.[\/vc_column_text][\/vc_column_inner][vc_column_inner width=&#8221;1\/2&#8243;][vc_single_image image=&#8221;2297&#8243; img_size=&#8221;full&#8221;][\/vc_column_inner][\/vc_row_inner][vc_empty_space][vc_row_inner][vc_column_inner width=&#8221;1\/2&#8243;][vc_single_image image=&#8221;2298&#8243; img_size=&#8221;full&#8221;][\/vc_column_inner][vc_column_inner width=&#8221;1\/2&#8243;][vc_column_text]<\/p>\n<h1>MESSAGGI<\/h1>\n<p>&nbsp;<\/p>\n<p>Naviga all&#8217;interno dell&#8217;applicazione mediante la voce e registra note e\u00a0messaggi vocali;<\/p>\n<h3><\/h3>\n<h3>BENEFICI<\/h3>\n<p>Miglioramento della velocit\u00e0 e della chiarezza comunicativa.[\/vc_column_text][\/vc_column_inner][\/vc_row_inner][vc_empty_space][vc_row_inner][vc_column_inner width=&#8221;1\/2&#8243;][vc_column_text]<\/p>\n<h1>CHIAMATE E VIDEO CHIAMATE<\/h1>\n<p>&nbsp;<\/p>\n<p>Ricevi\/effettua chiamate o videochiamate per mostrare ad altri quanto stai vedendo.<\/p>\n<h3><\/h3>\n<h3>BENEFICI<\/h3>\n<p>Comunicazione in real time, mentre si \u00e8 completamente immersi in un&#8217;attivit\u00e0.[\/vc_column_text][\/vc_column_inner][vc_column_inner width=&#8221;1\/2&#8243;][vc_single_image image=&#8221;2299&#8243; img_size=&#8221;full&#8221;][\/vc_column_inner][\/vc_row_inner][vc_separator][vc_empty_space][\/vc_column][\/vc_row][vc_row ia_row_style=&#8221;0&#8243; ia_row_paralax=&#8221;0&#8243; ia_row_scheme=&#8221;0&#8243;][vc_column width=&#8221;1\/2&#8243; css=&#8221;.vc_custom_1447972566462{padding: 30px !important;}&#8221;][vc_single_image image=&#8221;1853&#8243; img_size=&#8221;full&#8221; css_animation=&#8221;appear&#8221;][\/vc_column][vc_column width=&#8221;1\/2&#8243; css=&#8221;.vc_custom_1447973145006{padding: 30px !important;}&#8221;][vc_single_image image=&#8221;1854&#8243; img_size=&#8221;full&#8221; css_animation=&#8221;appear&#8221;][\/vc_column][\/vc_row][vc_row][vc_column][vc_empty_space][\/vc_column][\/vc_row][vc_row full_width=&#8221;stretch_row_content&#8221; parallax=&#8221;content-moving&#8221; parallax_image=&#8221;1859&#8243; ia_row_style=&#8221;1&#8243; ia_row_paralax=&#8221;0&#8243; ia_row_scheme=&#8221;1&#8243;][vc_column][vc_empty_space height=&#8221;130px&#8221;][vc_column_text css_animation=&#8221;appear&#8221;]<\/p>\n<h1 style=\"text-align: center;\"><span style=\"color: #f5f5f5; font-weight: 600; text-shadow: 2px 2px #333333;\">Soluzioni wearable personalizzate e integrate ai vostri sistemi<\/span><\/h1>\n<p>[\/vc_column_text][vc_empty_space height=&#8221;320px&#8221;][\/vc_column][\/vc_row][vc_row][vc_column][vc_empty_space][\/vc_column][\/vc_row][vc_row][vc_column]<div role=\"form\" class=\"wpcf7\" id=\"wpcf7-f2314-o1\" lang=\"it-IT\" dir=\"ltr\">\n<div class=\"screen-reader-response\" role=\"alert\" aria-live=\"polite\"><\/div>\n<form action=\"\/en\/wp-json\/wp\/v2\/pages\/1088#wpcf7-f2314-o1\" method=\"post\" class=\"wpcf7-form init\" novalidate=\"novalidate\">\n<div style=\"display: none;\">\n<input type=\"hidden\" name=\"_wpcf7\" value=\"2314\" \/>\n<input type=\"hidden\" name=\"_wpcf7_version\" value=\"5.2.2\" \/>\n<input type=\"hidden\" name=\"_wpcf7_locale\" value=\"it_IT\" \/>\n<input type=\"hidden\" name=\"_wpcf7_unit_tag\" value=\"wpcf7-f2314-o1\" \/>\n<input type=\"hidden\" name=\"_wpcf7_container_post\" value=\"0\" \/>\n<input type=\"hidden\" name=\"_wpcf7_posted_data_hash\" value=\"\" \/>\n<\/div>\n<p>Il tuo nome (richiesto)<br \/>\n    <span class=\"wpcf7-form-control-wrap your-name\"><input type=\"text\" name=\"your-name\" value=\"\" size=\"40\" class=\"wpcf7-form-control wpcf7-text wpcf7-validates-as-required\" aria-required=\"true\" aria-invalid=\"false\" \/><\/span> <\/p>\n<p>Il tuo cognome (richiesto)<br \/>\n    <span class=\"wpcf7-form-control-wrap cognome\"><input type=\"text\" name=\"cognome\" value=\"\" size=\"40\" class=\"wpcf7-form-control wpcf7-text wpcf7-validates-as-required\" aria-required=\"true\" aria-invalid=\"false\" \/><\/span><\/p>\n<p>Azienda <br \/>\n    <span class=\"wpcf7-form-control-wrap azienda\"><input type=\"text\" name=\"azienda\" value=\"\" size=\"40\" class=\"wpcf7-form-control wpcf7-text\" aria-invalid=\"false\" \/><\/span> <\/p>\n<p>La tua email (richiesto)<br \/>\n    <span class=\"wpcf7-form-control-wrap your-email\"><input type=\"email\" name=\"your-email\" value=\"\" size=\"40\" class=\"wpcf7-form-control wpcf7-text wpcf7-email wpcf7-validates-as-required wpcf7-validates-as-email\" aria-required=\"true\" aria-invalid=\"false\" \/><\/span> <\/p>\n<p>Oggetto<br \/>\n    <span class=\"wpcf7-form-control-wrap your-subject\"><input type=\"text\" name=\"your-subject\" value=\"\" size=\"40\" class=\"wpcf7-form-control wpcf7-text\" aria-invalid=\"false\" \/><\/span> <\/p>\n<p>Il tuo messaggio<br \/>\n    <span class=\"wpcf7-form-control-wrap your-message\"><textarea name=\"your-message\" cols=\"40\" rows=\"10\" class=\"wpcf7-form-control wpcf7-textarea\" aria-invalid=\"false\"><\/textarea><\/span> <\/p>\n<p>\n<span class=\"wpcf7-form-control-wrap checkbox-Accettazione\"><span class=\"wpcf7-form-control wpcf7-checkbox wpcf7-validates-as-required wpcf7-exclusive-checkbox\"><span class=\"wpcf7-list-item first last\"><input type=\"checkbox\" name=\"checkbox-Accettazione\" value=\"AI SENSI DELL&#039;ART. 13 DEL REGOLAMENTO (UE) 2016\/679 AUTORIZZO IL TRATTAMENTO DEI MIEI DATI PERSONALI.\" \/><span class=\"wpcf7-list-item-label\">AI SENSI DELL&#039;ART. 13 DEL REGOLAMENTO (UE) 2016\/679 AUTORIZZO IL TRATTAMENTO DEI MIEI DATI PERSONALI.<\/span><\/span><\/span><\/span><\/p>\n<p><input type=\"submit\" value=\"Invia\" class=\"wpcf7-form-control wpcf7-submit\" \/><\/p>\n<div class=\"wpcf7-response-output\" role=\"alert\" aria-hidden=\"true\"><\/div><\/form><\/div>[\/vc_column][\/vc_row]<\/p>\n","protected":false},"excerpt":{"rendered":"<p>[vc_row][vc_column width=&#8221;2\/3&#8243;][vc_column_text] Wearable Technology,\u00a0&#8220;tecnologie indossabili&#8221; sono oggi sempre pi\u00f9 diffusi nei diversi settori merceologici come nel quotidiano. Con pi\u00f9 di 350 diversi dispositivi sul mercato, le applicazioni che si possono immaginare diventano potenzialmente &#8220;infinite&#8221;.\u00a0In ambito [&hellip;]<\/p>\n","protected":false},"author":1,"featured_media":1111,"parent":434,"menu_order":0,"comment_status":"closed","ping_status":"closed","template":"","meta":{"_seopress_robots_primary_cat":""},"translation":{"provider":"WPGlobus","version":"2.10.3","language":"en","enabled_languages":["it","en"],"languages":{"it":{"title":true,"content":true,"excerpt":false},"en":{"title":false,"content":false,"excerpt":false}}},"_links":{"self":[{"href":"https:\/\/www.mitechsrl.it\/en\/wp-json\/wp\/v2\/pages\/1088"}],"collection":[{"href":"https:\/\/www.mitechsrl.it\/en\/wp-json\/wp\/v2\/pages"}],"about":[{"href":"https:\/\/www.mitechsrl.it\/en\/wp-json\/wp\/v2\/types\/page"}],"author":[{"embeddable":true,"href":"https:\/\/www.mitechsrl.it\/en\/wp-json\/wp\/v2\/users\/1"}],"replies":[{"embeddable":true,"href":"https:\/\/www.mitechsrl.it\/en\/wp-json\/wp\/v2\/comments?post=1088"}],"version-history":[{"count":217,"href":"https:\/\/www.mitechsrl.it\/en\/wp-json\/wp\/v2\/pages\/1088\/revisions"}],"predecessor-version":[{"id":2333,"href":"https:\/\/www.mitechsrl.it\/en\/wp-json\/wp\/v2\/pages\/1088\/revisions\/2333"}],"up":[{"embeddable":true,"href":"https:\/\/www.mitechsrl.it\/en\/wp-json\/wp\/v2\/pages\/434"}],"wp:featuredmedia":[{"embeddable":true,"href":"https:\/\/www.mitechsrl.it\/en\/wp-json\/wp\/v2\/media\/1111"}],"wp:attachment":[{"href":"https:\/\/www.mitechsrl.it\/en\/wp-json\/wp\/v2\/media?parent=1088"}],"curies":[{"name":"wp","href":"https:\/\/api.w.org\/{rel}","templated":true}]}}