{"id":1145,"date":"2015-07-03T11:26:02","date_gmt":"2015-07-03T09:26:02","guid":{"rendered":"http:\/\/www.mitechsrl.it\/beyond\/?page_id=1145"},"modified":"2023-05-22T15:52:15","modified_gmt":"2023-05-22T13:52:15","slug":"privacy-policy","status":"publish","type":"page","link":"https:\/\/www.mitechsrl.it\/en\/privacy-policy\/","title":{"rendered":"Privacy Policy"},"content":{"rendered":"<p>[vc_row][vc_column][vc_column_text]<strong>Informativa al trattamento dei dati personali &#8211; Privacy Policy sito web<\/strong><\/p>\n<p><strong>ai sensi dell\u2019art. 13 del Regolamento (UE) 2016\/679<\/strong><\/p>\n<ul>\n<li><strong>soggetti interessati: visitatori del sito web www.mitechsrl.it<\/strong><\/li>\n<\/ul>\n<p>Versione del 20\/04\/2023<\/p>\n<p>Questa policy ha lo scopo di descrivere le modalit\u00e0 di gestione di questo sito web, in riferimento al trattamento dei dati personali dei visitatori che lo consultano ai sensi del Regolamento (UE) 2016\/679. sulla protezione dei dati personali (di seguito, \u201cil Regolamento\u201d oppure \u201cGDPR\u201d).<\/p>\n<p>Questa policy \u00e8 da intendersi anche quale informativa, ai sensi dell\u2019art. 13 del Regolamento, resa ai soggetti che interagiscono con i servizi offerti dal sito web.<\/p>\n<p>Questa policy fornisce anche le informazioni relative ai cookies usati in questo sito.<\/p>\n<p>Maggiori informative dettagliate sul trattamento dei dati personali sono riportate, ove necessario, nelle sezioni relative ai diversi servizi offerti. Tali informative sono dirette a definire limiti e modalit\u00e0 del trattamento dei dati di ciascun servizio, in base alle quali il visitatore potr\u00e0 esprimere liberamente il proprio consenso e autorizzare eventualmente la raccolta dei dati e il loro successivo utilizzo.<\/p>\n<p>Si ricorda che questa privacy policy riguarda il presente sito web e non anche ulteriori siti web eventualmente consultati dall\u2019utente tramite la navigazione dai link presenti sul sito, per i quali si rimanda alle informazioni fornite dagli altri siti in merito alla loro gestione della privacy.<\/p>\n<p>Mitech Srl con sede legale in P.zza F.Marenghi 2, 46100 Mantova (MN) \u00e8 Titolare per i trattamenti effettuati sui dati personali raccolti e ottenuti da questo sito web e determina come saranno conservati i dati e chi potr\u00e0 avere accesso alle informazioni raccolte dal sito web. I dati personali saranno trattati con procedure manuali e automatizzate, ogni trattamento avviene nel rispetto delle modalit\u00e0 di cui agli artt. 6, 32 del Regolamento e mediante l&#8217;adozione delle adeguate misure di sicurezza previste. I dati saranno trattati unicamente da personale espressamente autorizzato dal Titolare, oppure anche da soggetti terzi espressamente nominati Responsabili per i trattamenti di competenza ai sensi dell\u2019Art. 28 del Regolamento. Maggiori informazioni sui responsabili e soggetti autorizzati verranno fornite su richiesta dell\u2019interessato nell\u2019esercizio dei diritti di cui agli artt. 15-22 del Regolamento.<\/p>\n<p><strong>Tipologia di dati trattati<\/strong><\/p>\n<p>Il sito web offre contenuti di tipo informativo. Durante la navigazione del sito, si possono acquisire informazioni sul visitatore, nei seguenti modi:<\/p>\n<p><em>\u00a0<\/em><\/p>\n<p><strong><em>Dati di navigazione<\/em><\/strong><\/p>\n<p>I sistemi informatici e le procedure software preposte al funzionamento di questo sito web acquisiscono, nel corso del loro normale esercizio, alcuni dati personali la cui trasmissione \u00e8 implicita nell\u2019uso dei protocolli di comunicazione di Internet. In questa categoria di dati rientrano: gli indirizzi IP, il tipo di browser utilizzato, il sistema operativo, il nome di dominio e gli indirizzi di siti web dai quali \u00e8 stato effettuato l\u2019accesso o l\u2019uscita, le informazioni sulle pagine visitate dagli utenti all\u2019interno del sito, l\u2019orario d\u2019accesso, l\u2019analisi di percorso interno e altri parametri relativi al sistema operativo e all\u2019ambiente informatico dell\u2019utente. Tali dati di carattere tecnico\/informatico sono raccolti e utilizzati esclusivamente in maniera aggregata e non identificativa e potrebbero essere utilizzati per l\u2019accertamento di responsabilit\u00e0 in caso di ipotetici reati informatici ai danni del sito.<\/p>\n<p>I dati raccolti saranno utilizzati per le finalit\u00e0:<\/p>\n<ul>\n<li>gestione tecnica dei servizi erogati,<\/li>\n<li>analisi statistica anonima del traffico generato e delle pagine visitate.<\/li>\n<\/ul>\n<p>I dati saranno conservati nel rispetto dei principi di liceit\u00e0, limitazione delle finalit\u00e0 e minimizzazione dei dati, ai sensi dell\u2019art. 5 del GDPR. Oltre che per la finalit\u00e0 per le quali sono raccolti, i dati potrebbero essere utilizzati per l\u2019accertamento di responsabilit\u00e0 in caso di ipotetici reati informatici ai danni del sito. Salva questa eventualit\u00e0, il periodo di conservazione dei Suoi dati personali \u00e8 stabilito per il tempo necessario all\u2019espletamento delle finalit\u00e0 specificate.<\/p>\n<p><strong><em>Dati di registrazione<\/em><\/strong><\/p>\n<p>Per la creazione di un account utente per il sistema di ticketing (invio di richiesta di assistenza) sul sito web, viene richiesto l\u2019indirizzo e-mail che verr\u00e0 associato ad una password temporanea, che l\u2019utente potr\u00e0 cambiare liberamente al primo accesso. I dati saranno utilizzati per le finalit\u00e0:<\/p>\n<ul>\n<li>Registrare ed amministrare l&#8217;account dell&#8217;utente;<\/li>\n<li>Abilitare e fornire i Servizi contrattualizzati.<\/li>\n<\/ul>\n<p>I dati saranno conservati nel rispetto dei principi di liceit\u00e0, limitazione delle finalit\u00e0 e minimizzazione dei dati, ai sensi dell\u2019art. 5 del GDPR, per la durata del contratto stipulato con l\u2019utente, saranno cancellati alla cessazione o recesso dal contratto e l\u2019utente non potr\u00e0 pi\u00f9 accedere ai servizi.<\/p>\n<p><strong><em>Dati forniti nel modulo \u201cMy Tickets\u201d<\/em><\/strong><\/p>\n<p><em>http:\/\/www.mitechsrl.it\/my-tickets\/<\/em><\/p>\n<p>Questa pagina \u00e8 riservata agli utenti registrati per l\u2019invio di richieste di assistenza tramite sistema di ticket. Vengono raccolti lo username e la password forniti all\u2019utente durante la registrazione del contratto di assistenza per accedere a questo servizio, i dati saranno utilizzati per le finalit\u00e0:<\/p>\n<ul>\n<li>Erogazione del servizio di Customer Care sull\u2019utilizzo dei nostri prodotti o servizi.<\/li>\n<\/ul>\n<p>I dati saranno conservati nel rispetto dei principi di liceit\u00e0, limitazione delle finalit\u00e0 e minimizzazione dei dati, ai sensi dell\u2019art. 5 del GDPR, per la durata del contratto stipulato con l\u2019utente, saranno cancellati alla cessazione o recesso dal contratto e l\u2019utente non potr\u00e0 pi\u00f9 accedere ai servizi.<\/p>\n<p><strong><em>Dati forniti nel modulo \u201cTIENIMI INFORMATO!\u201d<\/em><\/strong><\/p>\n<p><em>http:\/\/www.mitechsrl.it\/<\/em><\/p>\n<p>Si tratta di quei dati personali rilasciati liberamente dal visitatore sul sito, nella pagina specifica del modulo da compilare per registrarsi e ricevere la mail di newsletter. Sono richiesti: nome, cognome, indirizzo e-mail. Il conferimento di questi dati \u00e8 facoltativo e non limita la navigazione del sito. Dopo acquisizione del consenso i dati raccolti saranno utilizzati per le seguenti finalit\u00e0:<\/p>\n<ul>\n<li>Inviare la mail newsletter con informazioni ed aggiornamenti su prodotti e servizi.<\/li>\n<\/ul>\n<p>I dati saranno conservati nel rispetto dei principi di liceit\u00e0, limitazione delle finalit\u00e0 e minimizzazione dei dati, ai sensi dell\u2019art. 5 del GDPR, sino alla richiesta di rimozione da parte dell\u2019utente seguendo le istruzioni specificate all\u2019interno della mail newsletter, la cancellazione definitiva avverr\u00e0 entro 30 giorni dalla richiesta.<\/p>\n<p><em>\u00a0<\/em><\/p>\n<p><strong><em>Dati forniti nella pagina \u201cLavora con noi\u201d <\/em><\/strong><\/p>\n<p><em>http:\/\/www.mitechsrl.it\/lavora-con-noi<\/em><\/p>\n<p>In questo modulo \u00e8 possibile fornire i propri dati personali per inviare la candidatura alle posizioni di lavoro offerte da Mitech Srl. I dati raccolti sono: nome, cognome, indirizzo di posta elettronica. Il conferimento di questi dati \u00e8 facoltativo e non limita la navigazione del sito.<\/p>\n<p>Dopo acquisizione del consenso i dati raccolti saranno utilizzati per le seguenti finalit\u00e0:<\/p>\n<ul>\n<li>candidatura del soggetto alla selezione del personale per il lavoro offerto.<\/li>\n<\/ul>\n<p>I dati saranno conservati nel rispetto dei principi di liceit\u00e0, limitazione delle finalit\u00e0 e minimizzazione dei dati, ai sensi dell\u2019art. 5 del GDPR, per il tempo massimo di due anni dalla raccolta.<\/p>\n<p><strong><em>Cookies<\/em><\/strong><\/p>\n<p>Questo sito utilizza i cookies, informazioni che vengono salvate nel computer dell\u2019utente per agevolare la navigazione all\u2019interno del sito e la sua corretta fruizione, per facilitare l\u2019accesso ai servizi che richiedono l\u2019autenticazione, per fini statistici, per conoscere quali aree del sito sono state visitate.<\/p>\n<p>Per ulteriori informazioni si rimanda alla pagina dedicata alla Cookie Policy. <strong>(URL : https:\/\/www.mitechsrl.it\/cookie-policy)<\/strong><\/p>\n<p>Acquisizione del consenso dell\u2019interessato<\/p>\n<p>Per l\u2019uso dei cookies di terze parti viene chiesto il consenso quando si accede al sito per la prima volta, poi viene memorizzato nel dispositivo dell\u2019utente per il tempo previsto oppure sino a quando non viene cancellato.<\/p>\n<p>Il consenso, libero, informato e specifico, \u00e8 richiesto per i dati raccolti nel modulo delle pagine \u201cLavora con noi\u201d e \u201cTienimi informato!\u201d per le finalit\u00e0 specificate. Il consenso viene dato dal soggetto interessato mediante \u201ccasella apposita\u201d e l\u2019invio della richiesta con i dati non \u00e8 possibile senza aver dato prima il consenso, che viene registrato e conservato dal Titolare per i fini di esibizione su richiesta dell\u2019interessato o dell\u2019Autorit\u00e0.<\/p>\n<p>Link verso Social Media o siti di terze parti<\/p>\n<p>Nelle pagine del sito troviamo i link per visitare le pagine ufficiali del nostro profilo sui diversi Social Networks quali Facebook, Google+, Twitter, Linkedin, Instagram, Pinterest, Youtube, Slideshare; si tratta di collegamenti verso siti di terzi, che l\u2019utente decide liberamente di visitare uscendo dal nostro sito e proseguendo la navigazione all\u2019interno di uno di questi siti mantenuti altri provider.<\/p>\n<p>L&#8217;uso di tali pulsanti e funzionalit\u00e0 porta l\u2019utente ad interagire con i servizi web offerti dai siti di terze parti e implica lo scambio di informazioni con tali siti, pertanto la gestione delle informazioni e le modalit\u00e0 per eliminarle \u00e8 regolamentata dalle terze parti.<\/p>\n<p>Ad esempio, quando nel sito viene visitato il link verso il nostro profilo sul sito di terza parte, il browser o l&#8217;app stabilir\u00e0 un collegamento diretto al sito di terza parte (&#8220;Social Plug-in&#8221;) e trasmetter\u00e0 quindi i dati al direttamente al dominio di terza parte che deposita il cookie. Facciamo esplicitamente riferimento al fatto che noi stessi non abbiamo alcuna influenza sulla portata dei dati che il dominio di terza parte raccoglie e che per quanto riguarda la protezione dei dati bisogna fare riferimento alla \u201cprivacy policy\u201d ed alla \u201ccookie policy\u201d del sito di terza parte che raccoglie queste informazioni. Si invita il visitatore ad informarsi ulteriormente in modo specifico in merito allo scopo e alla portata della raccolta dei dati e ai propri diritti in tal senso e alle opzioni di impostazione per proteggere la propria privacy utilizzando le linee guida sull&#8217;utilizzo dei dati.<\/p>\n<p><strong>Diffusione<\/strong><\/p>\n<p>I dati personali che formano oggetto di raccolta non sono e non saranno oggetto di diffusione. I dati personali potranno inoltre essere trasferiti, limitatamente alle finalit\u00e0 sopra riportate, nei seguenti stati:<\/p>\n<ul>\n<li>conservati presso Internet Provider ubicati all&#8217;interno dell&#8217;Unione Europea.<\/li>\n<\/ul>\n<p><strong>ESERCIZIO DEI DIRITTI DELL\u2019INTERESSATO<\/strong><\/p>\n<p>Per esercitare i propri diritti assicurati dagli articoli suddetti, rivolgersi al Titolare:<\/p>\n<p>Piazza Franco Marenghi nr. 2 | 46100 Mantova (Italy) | PI 02185020209 | Info: <a href=\"mailto:mitech@mitechsrl.it\">mitech@mitechsrl.it<\/a>\u00a0|<\/p>\n<p>Come persona fisica ha diritto di ottenere dal titolare del Trattamento la cancellazione, la comunicazione, l&#8217;aggiornamento, la rettifica, l&#8217;integrazione dei dati personali che La riguardano, nonch\u00e9 in generale pu\u00f2 esercitare tutti i diritti previsti dagli artt. da 15 a 22 del GDPR a questo <a href=\"https:\/\/eur-lex.europa.eu\/legal-content\/IT\/TXT\/?uri=uriserv:OJ.L_.2016.119.01.0001.01.ITA&amp;toc=OJ:L:2016:119:TOC\">link<\/a>.<\/p>\n<p><em>\u00a0<\/em><\/p>\n<p><strong>Modifiche alla Privacy Policy<\/strong><\/p>\n<p>La presente policy regola le modalit\u00e0 di trattamento dei dati personali forniti dai visitatori durante la navigazione del sito web. L\u2019eventuale entrata in vigore di nuove normative di settore, come anche il costante esame e aggiornamento dei servizi all\u2019utente, potrebbe comportare la necessit\u00e0 di variare tali modalit\u00e0. \u00c8 possibile che la nostra policy subisca modifiche nel tempo e invitiamo, pertanto, il visitatore a consultare periodicamente questa pagina. A questo scopo il documento di policy evidenzia la data di aggiornamento<strong>. <\/strong>Versione del 20\/06\/2023[\/vc_column_text][\/vc_column][\/vc_row]<\/p>\n","protected":false},"excerpt":{"rendered":"<p>[vc_row][vc_column][vc_column_text]Informativa al trattamento dei dati personali &#8211; Privacy Policy sito web ai sensi dell\u2019art. 13 del Regolamento (UE) 2016\/679 soggetti interessati: visitatori del sito web www.mitechsrl.it Versione del 20\/04\/2023 Questa policy ha lo scopo di [&hellip;]<\/p>\n","protected":false},"author":1,"featured_media":0,"parent":0,"menu_order":0,"comment_status":"closed","ping_status":"closed","template":"","meta":{"_seopress_robots_primary_cat":""},"translation":{"provider":"WPGlobus","version":"2.10.3","language":"en","enabled_languages":["it","en"],"languages":{"it":{"title":true,"content":true,"excerpt":false},"en":{"title":false,"content":false,"excerpt":false}}},"_links":{"self":[{"href":"https:\/\/www.mitechsrl.it\/en\/wp-json\/wp\/v2\/pages\/1145"}],"collection":[{"href":"https:\/\/www.mitechsrl.it\/en\/wp-json\/wp\/v2\/pages"}],"about":[{"href":"https:\/\/www.mitechsrl.it\/en\/wp-json\/wp\/v2\/types\/page"}],"author":[{"embeddable":true,"href":"https:\/\/www.mitechsrl.it\/en\/wp-json\/wp\/v2\/users\/1"}],"replies":[{"embeddable":true,"href":"https:\/\/www.mitechsrl.it\/en\/wp-json\/wp\/v2\/comments?post=1145"}],"version-history":[{"count":13,"href":"https:\/\/www.mitechsrl.it\/en\/wp-json\/wp\/v2\/pages\/1145\/revisions"}],"predecessor-version":[{"id":10374,"href":"https:\/\/www.mitechsrl.it\/en\/wp-json\/wp\/v2\/pages\/1145\/revisions\/10374"}],"wp:attachment":[{"href":"https:\/\/www.mitechsrl.it\/en\/wp-json\/wp\/v2\/media?parent=1145"}],"curies":[{"name":"wp","href":"https:\/\/api.w.org\/{rel}","templated":true}]}}