{"id":3947,"date":"2018-06-21T10:52:40","date_gmt":"2018-06-21T08:52:40","guid":{"rendered":"http:\/\/www.mitechsrl.it\/?page_id=3947"},"modified":"2018-11-20T01:32:58","modified_gmt":"2018-11-20T00:32:58","slug":"informativa-sul-trattamento-dati-personali-candidati-al-rapporto-lavoro","status":"publish","type":"page","link":"https:\/\/www.mitechsrl.it\/en\/informativa-sul-trattamento-dati-personali-candidati-al-rapporto-lavoro\/","title":{"rendered":"informativa sul trattamento dati personali &#8211; candidati al rapporto di lavoro"},"content":{"rendered":"<p>[vc_row][vc_column][vc_column_text]<\/p>\n<h3 style=\"text-align: justify;\">ai sensi dell\u2019art. 13 del Regolamento (UE) 2016\/679<\/h3>\n<h1 style=\"text-align: justify;\"><strong>soggetti interessati: candidati al rapporto di lavoro<\/strong><\/h1>\n<p style=\"text-align: justify;\">Mitech Srl, con sede legale in P.zza F.Marenghi 2, 46100 Mantova (MN) nella persona del legale rappresentante (di seguito \u201cTitolare), in qualit\u00e0 di Titolare del trattamento ai sensi e per gli effetti del Regolamento (UE) 2016\/679 sulla protezione dei dati personali (di seguito &#8220;Regolamento&#8221;), informa che il trattamento dei dati personali sar\u00e0 improntato ai principi di correttezza, liceit\u00e0, trasparenza e di tutela della Sua riservatezza e dei Suoi diritti. I dati personali saranno trattati in accordo alle disposizioni legislative della normativa sopra richiamata e degli obblighi di riservatezza ivi previsti.<\/p>\n<p style=\"text-align: justify;\">Finalit\u00e0 del trattamento: i dati personali acquisiti saranno trattati per le finalit\u00e0 seguenti:<\/p>\n<ul style=\"text-align: justify;\">\n<li><strong>selezione del personale per l&#8217;instaurazione di un rapporto di lavoro;<\/strong><\/li>\n<li><strong>inserimento del soggetto in corsi di formazione propedeutici al lavoro.<\/strong><\/li>\n<\/ul>\n<p style=\"text-align: justify;\">Il conferimento dei dati \u00e8 facoltativo, tuttavia l&#8217;eventuale non comunicazione, o comunicazione errata, di una delle informazioni obbligatorie, pu\u00f2 causare l&#8217;impossibilit\u00e0 del Titolare di garantire la congruit\u00e0 del trattamento stesso e la corretta valutazione del candidato.<\/p>\n<p style=\"text-align: justify;\">Modalit\u00e0 del trattamento: i suoi dati personali potranno essere trattati con procedure manuali e automatizzate, anche mediante affidamento a terzi di operazioni di elaborazione. Ogni trattamento avviene nel rispetto delle modalit\u00e0 di cui agli artt. 6, 32 del Regolamento e mediante l&#8217;adozione delle adeguate misure di sicurezza previste. I dati saranno trattati unicamente da personale espressamente autorizzato dal Titolare, oppure anche da soggetti terzi espressamente nominati Responsabili per i trattamenti di competenza ai sensi dell\u2019Art. 28 del Regolamento.<\/p>\n<p style=\"text-align: justify;\">Comunicazione: i dati saranno comunicati esclusivamente a soggetti competenti e debitamente nominati per l&#8217;espletamento dei servizi necessari ad una corretta gestione del rapporto, con garanzia di tutela dei diritti dell&#8217;interessato. I dati potranno essere comunicati in particolare a:<\/p>\n<ul style=\"text-align: justify;\">\n<li>Societ\u00e0 che erogano servizi di formazione;<\/li>\n<li>Consulenti e liberi professionisti, anche in forma associata.<\/li>\n<\/ul>\n<p style=\"text-align: justify;\">Diffusione: i dati non saranno diffusi in alcun modo.<\/p>\n<p style=\"text-align: justify;\">Periodo di Conservazione: nel rispetto dei principi di liceit\u00e0, limitazione delle finalit\u00e0 e minimizzazione dei dati, ai sensi dell\u2019art. 5 del Regolamento, il periodo di conservazione dei Suoi dati personali \u00e8 stabilito per un arco di tempo non superiore a due anni dalla raccolta.<\/p>\n<p style=\"text-align: justify;\"><strong>ACQUISIZIONE DEL CONSENSO DELL\u2019INTERESSATO<\/strong><\/p>\n<p style=\"text-align: justify;\">Il soggetto interessato, acquisite le informazioni fornite dal Titolare ai sensi dell\u2019art. 7 del Regolamento (UE) 2016\/679, esprime il consenso libero, informato, specifico, al trattamento dei dati personali per le finalit\u00e0 indicate.<\/p>\n<p style=\"text-align: justify;\">l\u2019utente deve compilare tutti i dati richiesti e marcare la casella per il consenso, altrimenti i dati non saranno trasmessi.<\/p>\n<p style=\"text-align: justify;\">Il soggetto interessato ha diritto di ottenere dal titolare del Trattamento la cancellazione, la comunicazione, l&#8217;aggiornamento, la rettifica, l&#8217;integrazione dei Suoi dati personali, nonch\u00e9 in generale pu\u00f2 esercitare tutti i diritti previsti dagli artt. da 15 a 22 del Regolamento qui allegati.<\/p>\n<p style=\"text-align: justify;\">Per esercitare i propri diritti assicurati dalla normativa, l\u2019interessato deve rivolgersi a:<\/p>\n<p style=\"text-align: justify;\">Mitech Srl, P.zza F.Marenghi 2, 46100 Mantova (MN)<\/p>\n<p style=\"text-align: justify;\">Mail: <a href=\"mailto:info@mitechsrl.it\">info@mitechsrl.it<\/a> PEC: <a href=\"mailto:mitechsrl@registerpec.it\">mitechsrl@registerpec.it<\/a><\/p>\n<p style=\"text-align: justify;\"><em>\u00a0<\/em><\/p>\n<p style=\"text-align: justify;\"><em>Regolamento (UE) 2016\/679 &#8211; Articolo 15 &#8211; Diritto di accesso dell\u2019interessato<\/em><\/p>\n<ol style=\"text-align: justify;\">\n<li><em> L\u2019interessato ha il diritto di ottenere dal titolare del trattamento la conferma che sia o meno in corso un trattamento di dati personali che lo riguardano e in tal caso, di ottenere l\u2019accesso ai dati personali e alle seguenti informazioni:<\/em><\/li>\n<\/ol>\n<p style=\"padding-left: 30px;\"><em>a) le finalit\u00e0 del trattamento;<\/em><\/p>\n<p style=\"padding-left: 30px;\"><em>b) le categorie di dati personali in questione;<\/em><\/p>\n<p style=\"padding-left: 30px;\"><em>c) i destinatari o le categorie di destinatari a cui i dati personali sono stati o saranno comunicati, in particolare se destinatari di paesi terzi o organizzazioni internazionali;<\/em><\/p>\n<p style=\"padding-left: 30px;\"><em>d) quando possibile, il periodo di conservazione dei dati personali previsto oppure, se non \u00e8 possibile, i criteri utilizzati per determinare tale periodo;<\/em><\/p>\n<p style=\"padding-left: 30px;\"><em>e) l\u2019esistenza del diritto dell\u2019interessato di chiedere al titolare del trattamento la rettifica o la cancellazione dei dati personali o la limitazione del trattamento dei dati personali che lo riguardano o di opporsi al loro trattamento;<\/em><\/p>\n<p style=\"padding-left: 30px;\"><em>f) il diritto di proporre reclamo a un\u2019autorit\u00e0 di controllo;<\/em><\/p>\n<p style=\"padding-left: 30px;\"><em>g) qualora i dati non siano raccolti presso l\u2019interessato, tutte le informazioni disponibili sulla loro origine;<\/em><\/p>\n<p style=\"padding-left: 30px;\"><em>h) l\u2019esistenza di un processo decisionale automatizzato, compresa la profilazione di cui all\u2019articolo 22, paragrafi 1 e 4, e, almeno in tali casi, informazioni significative sulla logica utilizzata, nonch\u00e9 l\u2019importanza e le conseguenze previste di tale trattamento per l\u2019interessato.<\/em><\/p>\n<ol start=\"2\">\n<li><em> Qualora i dati personali siano trasferiti a un paese terzo o a un\u2019organizzazione internazionale, l\u2019interessato ha il diritto di essere informato dell\u2019esistenza di garanzie adeguate ai sensi dell\u2019articolo 46 relative al trasferimento.<\/em><\/li>\n<li><em> Il titolare del trattamento fornisce una copia dei dati personali oggetto di trattamento. In caso di ulteriori copie richieste dall\u2019interessato, il titolare del trattamento pu\u00f2 addebitare un contributo spese ragionevole basato sui costi amministrativi. Se l\u2019interessato presenta la richiesta mediante mezzi elettronici, e salvo indicazione diversa dell\u2019interessato, le\u00a0<\/em><em>informazioni sono fornite in un formato elettronico di uso comune.<\/em><\/li>\n<li><em> Il diritto di ottenere una copia di cui al paragrafo 3 non deve ledere i diritti e le libert\u00e0 altrui.<\/em><\/li>\n<\/ol>\n<p style=\"text-align: justify;\">Per informazione del soggetto interessato sono elencati gli altri articoli del Regolamento sull\u2019esercizio dei propri diritti, che il Titolare \u00e8 tenuto ad applicare nel trattamento dei dati personali.<\/p>\n<p style=\"text-align: justify;\"><em>Articolo 16 &#8211; Diritto di rettifica; Articolo 17 &#8211; Diritto alla cancellazione (\u00abdiritto all\u2019oblio\u00bb);<\/em><\/p>\n<p style=\"text-align: justify;\"><em>Articolo 18 &#8211; Diritto di limitazione di trattamento; Articolo 19 &#8211; Obbligo di notifica in caso di rettifica o cancellazione dei dati personali o limitazione del trattamento; Articolo 20 &#8211; Diritto alla portabilit\u00e0 dei dati; Articolo 21 &#8211; Diritto di opposizione; Articolo 22 &#8211; Processo decisionale automatizzato relativo alle persone fisiche, compresa la profilazione<\/em>.<\/p>\n<p>[\/vc_column_text][\/vc_column][\/vc_row]<\/p>\n","protected":false},"excerpt":{"rendered":"<p>[vc_row][vc_column][vc_column_text] ai sensi dell\u2019art. 13 del Regolamento (UE) 2016\/679 soggetti interessati: candidati al rapporto di lavoro Mitech Srl, con sede legale in P.zza F.Marenghi 2, 46100 Mantova (MN) nella persona del legale rappresentante (di seguito [&hellip;]<\/p>\n","protected":false},"author":1,"featured_media":0,"parent":0,"menu_order":0,"comment_status":"closed","ping_status":"closed","template":"","meta":{"_seopress_robots_primary_cat":""},"translation":{"provider":"WPGlobus","version":"2.10.3","language":"en","enabled_languages":["it","en"],"languages":{"it":{"title":true,"content":true,"excerpt":false},"en":{"title":false,"content":false,"excerpt":false}}},"_links":{"self":[{"href":"https:\/\/www.mitechsrl.it\/en\/wp-json\/wp\/v2\/pages\/3947"}],"collection":[{"href":"https:\/\/www.mitechsrl.it\/en\/wp-json\/wp\/v2\/pages"}],"about":[{"href":"https:\/\/www.mitechsrl.it\/en\/wp-json\/wp\/v2\/types\/page"}],"author":[{"embeddable":true,"href":"https:\/\/www.mitechsrl.it\/en\/wp-json\/wp\/v2\/users\/1"}],"replies":[{"embeddable":true,"href":"https:\/\/www.mitechsrl.it\/en\/wp-json\/wp\/v2\/comments?post=3947"}],"version-history":[{"count":6,"href":"https:\/\/www.mitechsrl.it\/en\/wp-json\/wp\/v2\/pages\/3947\/revisions"}],"predecessor-version":[{"id":4607,"href":"https:\/\/www.mitechsrl.it\/en\/wp-json\/wp\/v2\/pages\/3947\/revisions\/4607"}],"wp:attachment":[{"href":"https:\/\/www.mitechsrl.it\/en\/wp-json\/wp\/v2\/media?parent=3947"}],"curies":[{"name":"wp","href":"https:\/\/api.w.org\/{rel}","templated":true}]}}