{"id":441,"date":"2015-03-17T17:46:47","date_gmt":"2015-03-17T16:46:47","guid":{"rendered":"http:\/\/www.mitechsrl.it\/beyond\/?page_id=441"},"modified":"2022-08-24T15:04:50","modified_gmt":"2022-08-24T13:04:50","slug":"integration","status":"publish","type":"page","link":"https:\/\/www.mitechsrl.it\/en\/aree-di-competenza\/integration\/","title":{"rendered":"Integration strategies"},"content":{"rendered":"<p>[vc_row][vc_column][vc_raw_html]JTNDc3R5bGUlM0UlMEElNDBpbXBvcnQlMjB1cmwlMjglMjdodHRwcyUzQSUyRiUyRmZvbnRzLmdvb2dsZWFwaXMuY29tJTJGY3NzMiUzRmZhbWlseSUzREJhbG9vJTJCQmhhaW5hJTJCMiUyNmRpc3BsYXklM0Rzd2FwJTI3JTI5JTNCJTBBJTBBLm9uaXQtYmclMjAlN0IlMEFiYWNrZ3JvdW5kJTNBJTIwcmdiJTI4MiUyQzAlMkMzNiUyOSUzQiUwQWJhY2tncm91bmQlM0ElMjBsaW5lYXItZ3JhZGllbnQlMjg5MGRlZyUyQyUyMHJnYiUyODUwJTJDNzAlMkMxMTclMkMwLjg1JTI5JTIwMCUyNSUyQyUyMHJnYmElMjg0OCUyQzYyJTJDOTYlMkMwLjklMjklMjAxMDAlMjUlMjklM0IlMEElN0QlMEElMEEub25pdF9mb250JTIwJTdCJTBBZm9udC1mYW1pbHklM0ElMjAlMjdCYWxvbyUyMEJoYWluYSUyMDIlMjclMkMlMjBjdXJzaXZlJTNCJTBBJTIwJTIwJTIwJTIwZm9udC13ZWlnaHQlM0ElMjA2MDAlM0IlMEElMjAlMjAlMjAlMjB0ZXh0LXRyYW5zZm9ybSUzQSUyMG5vbmUlM0IlMEElMjAlMjAlMjAlMjBmb250LXNpemUlM0ElMjAzLjVlbSUzQiUwQSUyMCUyMCUyMCUyMGxpbmUtaGVpZ2h0JTNBJTIwMS4yZW0lM0IlMEElMjAlMjAlMjAlMjBtYXJnaW4lM0ElMjAwLjFlbSUyMDAlM0IlMEElMjAlMjAlMjAlMjBjb2xvciUzQSUyMHdoaXRlJTNCJTBBJTdEJTBBJTBBJTNDJTJGc3R5bGUlM0UlMEElMEE=[\/vc_raw_html][\/vc_column][\/vc_row][vc_row][vc_column width=&#8221;1\/12&#8243;][\/vc_column][vc_column width=&#8221;10\/12&#8243;][vc_column_text]Gli approcci e gli strumenti per l\u2019integrazione dei sistemi informativi sono un passaggio cruciale che consente alle imprese di mettere in campo nuove strategie di business. Siamo convinti che il valore nasca dalla condivisione e dalla integrazione di informazioni, idee, persone e lavoro.[\/vc_column_text][vc_empty_space height=&#8221;50px&#8221;][\/vc_column][vc_column width=&#8221;1\/12&#8243;][\/vc_column][\/vc_row][vc_row][vc_column width=&#8221;1\/12&#8243;][\/vc_column][vc_column width=&#8221;10\/12&#8243;][vc_row_inner content_placement=&#8221;middle&#8221;][vc_column_inner width=&#8221;2\/3&#8243;][vc_column_text]<\/p>\n<h3>Connetti i dati<\/h3>\n<p>[\/vc_column_text][vc_column_text]Abilita un sistema di comunicazione integrato che permetta di tradurre i diversi formati di dato e protocolli normalizzando e semplificando la comunicazione e la fruizione delle informazioni.<\/p>\n<p>Definisci flussi di lavoro efficienti e ottimizzati integrando le diverse tecnologie della tua azienda.[\/vc_column_text][\/vc_column_inner][vc_column_inner width=&#8221;1\/3&#8243;][vc_single_image image=&#8221;9076&#8243; img_size=&#8221;full&#8221;][\/vc_column_inner][\/vc_row_inner][vc_row_inner content_placement=&#8221;middle&#8221;][vc_column_inner width=&#8221;1\/3&#8243;][vc_single_image image=&#8221;9078&#8243; img_size=&#8221;full&#8221;][\/vc_column_inner][vc_column_inner width=&#8221;2\/3&#8243;][vc_column_text]<\/p>\n<h3>Connetti le persone<\/h3>\n<p>[\/vc_column_text][vc_column_text]Libera il potenziale della tua forza lavoro, semplifica le attivit\u00e0 dei tuoi partners e sfrutta le competenze dei tuoi fornitori.<\/p>\n<p>Utilizzando i dati raccolti da strumenti e piattaforme differenti ti permettiamo di integrare dati tra loro eterogenei per analisi, reportistica e condivisione.[\/vc_column_text][\/vc_column_inner][\/vc_row_inner][vc_row_inner content_placement=&#8221;middle&#8221;][vc_column_inner width=&#8221;2\/3&#8243;][vc_column_text]<\/p>\n<h3>Connetti la fabbrica<\/h3>\n<p>[\/vc_column_text][vc_column_text]Definisci un canale di comunicazione omogeneo e affidabile per interconnettere ogni aspetto della produzione.<\/p>\n<p>Integra i dati raccolti e abilita una analisi efficace per aumentare le informazioni utili al processo decisionale.[\/vc_column_text][\/vc_column_inner][vc_column_inner width=&#8221;1\/3&#8243;][vc_single_image image=&#8221;9077&#8243; img_size=&#8221;full&#8221;][\/vc_column_inner][\/vc_row_inner][vc_row_inner content_placement=&#8221;middle&#8221;][vc_column_inner width=&#8221;1\/3&#8243;][vc_single_image image=&#8221;9075&#8243; img_size=&#8221;full&#8221;][\/vc_column_inner][vc_column_inner width=&#8221;2\/3&#8243;][vc_column_text]<\/p>\n<h3>Connetti i dispositivi<\/h3>\n<p>[\/vc_column_text][vc_column_text]Scopri le potenzialit\u00e0 nascoste del tuo business e abilita nuovi scenari commerciali.<\/p>\n<p>Estendi i confini dell&#8217;integrazione e della raccolta dei dati a tutte le tue aree di business.<\/p>\n<p>Fornisci a ciascun dato il contesto al quale apparteine favorendo analisi puntuali e strategiche per le gestione dei processo.[\/vc_column_text][\/vc_column_inner][\/vc_row_inner][\/vc_column][vc_column width=&#8221;1\/12&#8243;][\/vc_column][\/vc_row][vc_row full_width=&#8221;stretch_row&#8221; content_placement=&#8221;middle&#8221; ia_row_style=&#8221;0&#8243; ia_row_paralax=&#8221;0&#8243; ia_row_scheme=&#8221;0&#8243; el_class=&#8221;onit-bg&#8221;][vc_column][vc_row_inner equal_height=&#8221;yes&#8221; content_placement=&#8221;middle&#8221;][vc_column_inner width=&#8221;1\/4&#8243;][vc_single_image image=&#8221;9110&#8243; img_size=&#8221;full&#8221;][\/vc_column_inner][vc_column_inner width=&#8221;1\/2&#8243;][vc_empty_space][vc_column_text]<\/p>\n<h2 class=\"onit_font\">on.it<\/h2>\n<p>[\/vc_column_text][vc_column_text el_class=&#8221;bianco&#8221;]Non limitarti ad integrare sistemi, abilita una\u00a0<strong>stanza di controllo<\/strong>\u00a0virtuale per\u00a0<strong>monitonare<\/strong>\u00a0ed\u00a0<strong>analizzare<\/strong>\u00a0i\u00a0<strong>tuoi dati<\/strong>![\/vc_column_text][vc_btn title=&#8221;scopri di pi\u00f9&#8221; style=&#8221;outline&#8221; size=&#8221;lg&#8221; link=&#8221;url:https%3A%2F%2Fwww.mitechsrl.it%2Fonit%2F|title:on.it&#8221;][vc_empty_space][\/vc_column_inner][vc_column_inner width=&#8221;1\/4&#8243;][\/vc_column_inner][\/vc_row_inner][\/vc_column][\/vc_row][vc_row][vc_column][vc_empty_space height=&#8221;50px&#8221;][\/vc_column][\/vc_row][vc_row][vc_column width=&#8221;1\/12&#8243;][\/vc_column][vc_column width=&#8221;10\/12&#8243;][vc_column_text]L&#8217;integrazione \u00e8 fondamentale quando si parla di trasformazione digitale, ovvero con processi di forte cambiamento che, indipendentemente dal settore di pertinenza, prevedono l\u2019adozione di tecnologie digitali per vincere le sfide del mercato.[\/vc_column_text][vc_column_text]<\/p>\n<h2 style=\"text-align: center;\">Architettura SILOS<\/h2>\n<p>[\/vc_column_text][vc_row_inner content_placement=&#8221;middle&#8221;][vc_column_inner width=&#8221;2\/3&#8243;][vc_column_text]Le aziende utilizzano soluzioni software di diversi fornitori per gestioni operative, contabili, e di management. Ognuna delle soluzioni applicative adottate utilizza archivi dati e metodi operativi diversi. Questa architettura a SILOS comporta difficolt\u00e0 di consultazione e trattamento delle informazioni in quanto gli utenti devono collegarsi a pi\u00f9 sistemi applicativi per aver una visione congruente dei dati. Occorre quindi una architettura che consenta di evitare duplicazione delle attivit\u00e0 e dei dati, cos\u00ec da agire in una logica aziendale.[\/vc_column_text][\/vc_column_inner][vc_column_inner width=&#8221;1\/3&#8243;][vc_single_image image=&#8221;9097&#8243; img_size=&#8221;full&#8221;][\/vc_column_inner][\/vc_row_inner][vc_empty_space height=&#8221;50px&#8221;][vc_column_text]<\/p>\n<h2 style=\"text-align: center;\">Metodologia EAI<\/h2>\n<p>[\/vc_column_text][vc_row_inner content_placement=&#8221;middle&#8221;][vc_column_inner][vc_column_text]Una metodologia che risolvere il problema delle applicazioni SILOS \u00e8 EAI (Enterprise Application Integration). Questa metodologia garantisce l\u2019utilizzo dei dati, dei documenti e delle informazioni in modo coerente e che le modifiche fatte su un sistema applicativo si riflettano sugli altri sistemi applicati interessati alla modifica. Cos\u00ec facendo si riducono passaggi manuali, errori di gestione delle informazioni, ottenendo una miglior comprensione dei dai dell\u2019organizzazione.[\/vc_column_text][\/vc_column_inner][\/vc_row_inner][vc_empty_space height=&#8221;50px&#8221;][vc_row_inner][vc_column_inner width=&#8221;1\/3&#8243;][vc_column_text]<\/p>\n<h2 style=\"text-align: center;\">Point to point<\/h2>\n<p>[\/vc_column_text][vc_single_image image=&#8221;9096&#8243; img_size=&#8221;full&#8221;][vc_column_text]Ogni applicazione deve essere personalizzata per comunicare con le altre applicazioni. Man manoche vengono aggiunte applicazioni le connessioni (n) tra i sistemi applicativi gestionali aumentanoseguendo la formula: n * (n &#8211; 1) \/ 2. La numerosit\u00e0 eccessiva delle connessioni comporta unagestione difficoltosa sia di codifica sia di analisi di errori di trasferimento delle informazioni[\/vc_column_text][\/vc_column_inner][vc_column_inner width=&#8221;1\/3&#8243;][vc_column_text]<\/p>\n<h2 style=\"text-align: center;\">Hub and spoke<\/h2>\n<p>[\/vc_column_text][vc_single_image image=&#8221;9095&#8243; img_size=&#8221;full&#8221;][vc_column_text]I problemi evidenziati nel modello punto a punto sono risolti dal modello hub-and-spoke.Questo modello si basa su una architettura che prevede un unico sistema applicativocentrale, hub appunto, che coordina lo scambio delle informazioni tra tutti i sistemiapplicativi gestionali che ne fanno parte. Questa architettura ha per\u00f2 una criticit\u00e0: \u00e8 unaarchitettura \u201cmonolitica\u201d che basa tutta la gestione di integrazione su un unico sistemaapplicativo centrale che funge da hub.[\/vc_column_text][\/vc_column_inner][vc_column_inner width=&#8221;1\/3&#8243;][vc_column_text]<\/p>\n<h2 style=\"text-align: center;\">Enterprise service bus<\/h2>\n<p>[\/vc_column_text][vc_single_image image=&#8221;9094&#8243; img_size=&#8221;full&#8221;][vc_column_text]A differenza del modello hub-and-spoke, il modello ESB (Enterprise Service Bus) si base su una architettura distribuita dove tutte i sistemi applicativi gestionali operano come servizi. La logica d\u2019integrazione non \u00e8 pi\u00f9 centralizzata in un hub, ma \u00e8 distribuita lungo gli endpoint connessi al bus.[\/vc_column_text][\/vc_column_inner][\/vc_row_inner][\/vc_column][vc_column width=&#8221;1\/12&#8243;][\/vc_column][\/vc_row][vc_row ia_row_style=&#8221;1&#8243; ia_row_paralax=&#8221;0&#8243; ia_row_scheme=&#8221;0&#8243; css=&#8221;.vc_custom_1661172132649{margin-bottom: -40px !important;background-color: #d9e0e0 !important;}&#8221;][vc_column][vc_empty_space height=&#8221;50px&#8221;][vc_column_text css=&#8221;.vc_custom_1661166201091{margin-bottom: 0px !important;}&#8221;]<\/p>\n<h4 style=\"text-align: left;\"><span style=\"color: #9db0b3;\">PERCHE&#8217; SCEGLIERE MITECH<\/span><\/h4>\n<p>[\/vc_column_text][vc_empty_space height=&#8221;50px&#8221;][vc_row_inner equal_height=&#8221;yes&#8221; content_placement=&#8221;middle&#8221;][vc_column_inner width=&#8221;1\/4&#8243;][vc_single_image image=&#8221;3502&#8243; img_size=&#8221;medium&#8221; alignment=&#8221;center&#8221; onclick=&#8221;custom_link&#8221; img_link_target=&#8221;_blank&#8221; link=&#8221;http:\/\/go.sap.com\/italy\/index.html&#8221;][\/vc_column_inner][vc_column_inner width=&#8221;3\/4&#8243;][vc_column_text]L\u2019alta competenza dei nostri tecnici in tutti gli ambiti di business ci consente di analizzare la struttura aziendale nella sua globalit\u00e0 e di proporre la miglior soluzione di integrazione.[\/vc_column_text][vc_btn title=&#8221;scopri di pi\u00f9&#8221; style=&#8221;outline&#8221; color=&#8221;black&#8221; size=&#8221;lg&#8221; link=&#8221;url:https%3A%2F%2Fwww.mitechsrl.it%2Faree-di-competenza%2Fintegration%2Fsap-pipo%2F|title:on.it&#8221;][\/vc_column_inner][\/vc_row_inner][vc_empty_space height=&#8221;50px&#8221;][\/vc_column][\/vc_row]<\/p>\n","protected":false},"excerpt":{"rendered":"<p>[vc_row][vc_column][vc_raw_html]JTNDc3R5bGUlM0UlMEElNDBpbXBvcnQlMjB1cmwlMjglMjdodHRwcyUzQSUyRiUyRmZvbnRzLmdvb2dsZWFwaXMuY29tJTJGY3NzMiUzRmZhbWlseSUzREJhbG9vJTJCQmhhaW5hJTJCMiUyNmRpc3BsYXklM0Rzd2FwJTI3JTI5JTNCJTBBJTBBLm9uaXQtYmclMjAlN0IlMEFiYWNrZ3JvdW5kJTNBJTIwcmdiJTI4MiUyQzAlMkMzNiUyOSUzQiUwQWJhY2tncm91bmQlM0ElMjBsaW5lYXItZ3JhZGllbnQlMjg5MGRlZyUyQyUyMHJnYiUyODUwJTJDNzAlMkMxMTclMkMwLjg1JTI5JTIwMCUyNSUyQyUyMHJnYmElMjg0OCUyQzYyJTJDOTYlMkMwLjklMjklMjAxMDAlMjUlMjklM0IlMEElN0QlMEElMEEub25pdF9mb250JTIwJTdCJTBBZm9udC1mYW1pbHklM0ElMjAlMjdCYWxvbyUyMEJoYWluYSUyMDIlMjclMkMlMjBjdXJzaXZlJTNCJTBBJTIwJTIwJTIwJTIwZm9udC13ZWlnaHQlM0ElMjA2MDAlM0IlMEElMjAlMjAlMjAlMjB0ZXh0LXRyYW5zZm9ybSUzQSUyMG5vbmUlM0IlMEElMjAlMjAlMjAlMjBmb250LXNpemUlM0ElMjAzLjVlbSUzQiUwQSUyMCUyMCUyMCUyMGxpbmUtaGVpZ2h0JTNBJTIwMS4yZW0lM0IlMEElMjAlMjAlMjAlMjBtYXJnaW4lM0ElMjAwLjFlbSUyMDAlM0IlMEElMjAlMjAlMjAlMjBjb2xvciUzQSUyMHdoaXRlJTNCJTBBJTdEJTBBJTBBJTNDJTJGc3R5bGUlM0UlMEElMEE=[\/vc_raw_html][\/vc_column][\/vc_row][vc_row][vc_column width=&#8221;1\/12&#8243;][\/vc_column][vc_column width=&#8221;10\/12&#8243;][vc_column_text]Gli approcci e gli strumenti per l\u2019integrazione dei sistemi informativi sono un passaggio cruciale che consente alle imprese di mettere in campo nuove strategie di business. Siamo convinti che il valore nasca dalla [&hellip;]<\/p>\n","protected":false},"author":1,"featured_media":4500,"parent":432,"menu_order":0,"comment_status":"closed","ping_status":"open","template":"","meta":{"_seopress_robots_primary_cat":""},"translation":{"provider":"WPGlobus","version":"2.10.3","language":"en","enabled_languages":["it","en"],"languages":{"it":{"title":true,"content":true,"excerpt":false},"en":{"title":false,"content":false,"excerpt":false}}},"_links":{"self":[{"href":"https:\/\/www.mitechsrl.it\/en\/wp-json\/wp\/v2\/pages\/441"}],"collection":[{"href":"https:\/\/www.mitechsrl.it\/en\/wp-json\/wp\/v2\/pages"}],"about":[{"href":"https:\/\/www.mitechsrl.it\/en\/wp-json\/wp\/v2\/types\/page"}],"author":[{"embeddable":true,"href":"https:\/\/www.mitechsrl.it\/en\/wp-json\/wp\/v2\/users\/1"}],"replies":[{"embeddable":true,"href":"https:\/\/www.mitechsrl.it\/en\/wp-json\/wp\/v2\/comments?post=441"}],"version-history":[{"count":34,"href":"https:\/\/www.mitechsrl.it\/en\/wp-json\/wp\/v2\/pages\/441\/revisions"}],"predecessor-version":[{"id":9731,"href":"https:\/\/www.mitechsrl.it\/en\/wp-json\/wp\/v2\/pages\/441\/revisions\/9731"}],"up":[{"embeddable":true,"href":"https:\/\/www.mitechsrl.it\/en\/wp-json\/wp\/v2\/pages\/432"}],"wp:featuredmedia":[{"embeddable":true,"href":"https:\/\/www.mitechsrl.it\/en\/wp-json\/wp\/v2\/media\/4500"}],"wp:attachment":[{"href":"https:\/\/www.mitechsrl.it\/en\/wp-json\/wp\/v2\/media?parent=441"}],"curies":[{"name":"wp","href":"https:\/\/api.w.org\/{rel}","templated":true}]}}