{"id":8539,"date":"2021-09-20T10:46:25","date_gmt":"2021-09-20T08:46:25","guid":{"rendered":"https:\/\/www.mitechsrl.it\/?page_id=8539"},"modified":"2022-11-23T11:56:51","modified_gmt":"2022-11-23T10:56:51","slug":"chi-e-mitech","status":"publish","type":"page","link":"https:\/\/www.mitechsrl.it\/en\/chi-e-mitech\/","title":{"rendered":"Chi \u00e8 Mitech"},"content":{"rendered":"<p>[vc_row ia_row_style=&#8221;0&#8243; ia_row_paralax=&#8221;0&#8243; ia_row_scheme=&#8221;0&#8243; css=&#8221;.vc_custom_1660916857586{background-image: url(https:\/\/www.mitechsrl.it\/wp-content\/uploads\/2018\/08\/mitech-soluzioni-sap.png?id=4348) !important;}&#8221; el_class=&#8221;ingranaggi&#8221;][vc_column][vc_column_text css=&#8221;.vc_custom_1660916894155{margin-bottom: 0px !important;}&#8221;]<\/p>\n<h4 style=\"text-align: left;\"><span style=\"color: #9db0b3;\">INFORMAZIONI SU DI NOI<\/span><\/h4>\n<p>[\/vc_column_text][vc_column_text]<\/p>\n<h3 style=\"text-align: left;\"><span style=\"color: #000000;\"><strong>Chi Siamo<\/strong><\/span><\/h3>\n<p>[\/vc_column_text][vc_raw_html]JTNDZGl2JTIwc3R5bGUlM0QlMjJkaXNwbGF5JTNBJTIwaW5saW5lLWZsZXglM0IlMjIlM0UlM0NwJTNFJTNDc3Ryb25nJTNFTWl0ZWNoJTIwbmFzY2UlMjBuZWwlMjAyMDA3JTNDJTJGc3Ryb25nJTNFJTIwZ3JhemllJTIwYWxsJUUyJTgwJTk5aW5pemlhdGl2YSUyMGRpJTNDZGl2JTIwY2xhc3MlM0QlMjJtaXRlY2glMjIlM0UlM0NhJTIwaHJlZiUzRCUyMmh0dHAlM0ElMkYlMkZ3d3cubWl0ZWNoc3JsLml0JTJGbWVtYmVyJTJGb3duZXIlMkYlMjIlMjBjbGFzcyUzRCUyMnVpLXRhYnMtYW5jaG9yJTIyJTIwdGFyZ2V0JTNEJTIyX2JsYW5rJTIyJTNFJTNDaDElM0UlM0NzdHJvbmclM0VBbGJlcnRvJTIwQWxsZWdyZXR0aSUzQyUyRnN0cm9uZyUzRSUzQyUyRmgxJTNFJTNDJTJGYSUzRSUzQyUyRmRpdiUzRSUzQyUyRnAlM0UlM0MlMkZkaXYlM0U=[\/vc_raw_html][vc_row_inner][vc_column_inner width=&#8221;2\/3&#8243;][vc_column_text]Mitech nasce con l\u2019obiettivo di creare un polo di competenza tecnologica a Mantova. Il core business iniziale \u00e8 l&#8217;<b>integrazione tra sistemi applicativi eterogenei<\/b>, oggi \u00e8 una realt\u00e0 di 20+ professionisti con esperienza nello sviluppo di applicazioni realizzate con tecnologie di ultima generazione. <strong><a href=\"#integrazione\">L&#8217;integrazione<\/a><\/strong> ancora oggi \u00e8 parte caratterizzante del nostro DNA.[\/vc_column_text][\/vc_column_inner][vc_column_inner width=&#8221;1\/3&#8243;][\/vc_column_inner][\/vc_row_inner][\/vc_column][\/vc_row][vc_row ia_row_style=&#8221;0&#8243; ia_row_paralax=&#8221;0&#8243; ia_row_scheme=&#8221;0&#8243; el_id=&#8221;cosasiamo&#8221;][vc_column][vc_row_inner][vc_column_inner][vc_empty_space height=&#8221;50px&#8221;][vc_column_text css=&#8221;.vc_custom_1660917296425{margin-bottom: 0px !important;}&#8221;]<\/p>\n<h4 style=\"text-align: right;\"><span style=\"color: #9db0b3;\">CHE COSA E&#8217; MITECH, CHE COSA NON E&#8217;<\/span><\/h4>\n<p>[\/vc_column_text][vc_column_text]<\/p>\n<h3 style=\"text-align: right;\"><span style=\"color: #000000;\"><strong>Chi necessita\u00a0del supporto di Mitech?<\/strong><\/span><\/h3>\n<p>[\/vc_column_text][\/vc_column_inner][\/vc_row_inner][vc_empty_space height=&#8221;30px&#8221;][vc_row_inner][vc_column_inner][vc_column_text]<strong>Mitech fornisce CONSULENZA IN AMBITO TECNOLOGICO<\/strong> per dare supporto alle aziende medio-grandi sulle tecnologie a loro rivolte.<\/p>\n<p>L\u2019obiettivo di Mitech \u00e8 proporsi al mercato con soluzioni tecnologiche innovative per offrire ai clienti un servizio a supporto di un processo di trasformazione digitale che dia valore alle aziende ed alle persone che ne fanno parte.<\/p>\n<p>Questo \u00e8 possibile solo mettendo a fattor comune <b>informazioni<\/b>,<b> tecnologia<\/b> e <b>conoscenza<\/b> tramite <b>integrazione<\/b> tra processi e persone.<\/p>\n<p>Gli strumenti tecnologici proposti abilitano il dialogo tra sistemi fisici (che producono <b>dati<\/b>) , sistemi di gestione (che acquisiscono dati trasformandoli in <b>informazioni<\/b>) e le persone (che trasformano le informazioni in <b>azioni<\/b> e <b>conoscenza<\/b>).<\/p>\n<p><strong>Mitech fa consulenza in ambito web, portale e mobile, supporta le aziende nei processi di integrazione dati e flussi fra sistemi applicativi eterogenei, e configura sistemi per la gestione documentale.<\/strong>[\/vc_column_text][\/vc_column_inner][\/vc_row_inner][\/vc_column][\/vc_row][vc_row ia_row_style=&#8221;0&#8243; ia_row_paralax=&#8221;0&#8243; ia_row_scheme=&#8221;0&#8243; el_id=&#8221;comelavoriamo&#8221;][vc_column][vc_empty_space height=&#8221;30px&#8221;][vc_row_inner][vc_column_inner][vc_empty_space][vc_column_text css=&#8221;.vc_custom_1660918103632{margin-bottom: 0px !important;}&#8221;]<\/p>\n<h4 style=\"text-align: left;\"><span style=\"color: #9db0b3;\">APPROCCIO E METODO ALLE NOSTRE SOLUZIONI<\/span><\/h4>\n<p>[\/vc_column_text][vc_column_text]<\/p>\n<h3 style=\"text-align: left;\"><span style=\"color: #000000;\"><strong>Come lavoriamo<\/strong><\/span><\/h3>\n<p>[\/vc_column_text][\/vc_column_inner][\/vc_row_inner][\/vc_column][\/vc_row][vc_row ia_row_style=&#8221;1&#8243; ia_row_paralax=&#8221;0&#8243; ia_row_scheme=&#8221;0&#8243; el_id=&#8221;parolechiave&#8221; css=&#8221;.vc_custom_1661155649135{background-image: url(https:\/\/www.mitechsrl.it\/wp-content\/uploads\/2021\/09\/Web-1920-\u2013-31-e1661155572274.png?id=8495) !important;}&#8221;][vc_column][vc_row_inner el_id=&#8221;integrazione&#8221;][vc_column_inner width=&#8221;1\/3&#8243;][vc_empty_space height=&#8221;50px&#8221;][vc_raw_html css=&#8221;.vc_custom_1574006080340{margin-left: 100px !important;}&#8221;]JTNDZGl2JTIwc3R5bGUlM0QlMjJkaXNwbGF5JTNBJTIwaW5saW5lLWZsZXglM0IlMjIlM0UlM0NwJTNFJTBBJTNDZGl2JTIwY2xhc3MlM0QlMjJtaXRlY2hpbnRlZ3JhemlvbmUlMjIlM0UlM0NhJTIwaHJlZiUzRCUyMiUyMiUyMGNsYXNzJTNEJTIydWktdGFicy1hbmNob3IlMjIlMjB0aXRsZSUzRCUyMkNvc2ElMjB2dW9sJTIwZGlyZSUyMHBlciUyMG5vaSUyMGludGVncmF6aW9uZSUzRiUyMiUyMHRhcmdldCUzRCUyMl9ibGFuayUyMiUzRSUzQ2gzJTNFJTNDc3Ryb25nJTNFSW50ZWdyYXppb25lJTNDJTJGc3Ryb25nJTNFJTNDJTJGaDMlM0UlM0MlMkZhJTNFJTNDJTJGZGl2JTNFJTNDJTJGcCUzRSUzQyUyRmRpdiUzRQ==[\/vc_raw_html][\/vc_column_inner][vc_column_inner width=&#8221;2\/3&#8243;][vc_empty_space height=&#8221;50px&#8221;][vc_column_text]<\/p>\n<p class=\"p1\" style=\"text-align: left;\">Integrare significa creare una relazione tra l&#8217;ERP e gli altri applicativi, dove l&#8217;ERP pu\u00f2 essere <strong>master<\/strong> ma anche <strong>satellite<\/strong>.\u00a0 Ma integrare significa anche sviluppare un processo attraverso applicativi che svolgono funzionalit\u00e0 specifiche. Il portale, tanto per fare un esempio, \u00e8 creare integrazione, in primis tra persone.<\/p>\n<p>[\/vc_column_text][vc_basic_grid post_type=&#8221;ids&#8221; style=&#8221;lazy&#8221; items_per_page=&#8221;18&#8243; gap=&#8221;5&#8243; item=&#8221;546&#8243; include=&#8221;434, 4489, 441&#8243; grid_id=&#8221;vc_gid:1669200934211-8dea89ab-1f90-5&#8243; el_class=&#8221;Bottoni_prova&#8221;][\/vc_column_inner][\/vc_row_inner][vc_row_inner el_id=&#8221;personalizzazione&#8221;][vc_column_inner width=&#8221;1\/3&#8243;][vc_empty_space height=&#8221;90px&#8221;][vc_raw_html]JTNDZGl2JTIwc3R5bGUlM0QlMjJkaXNwbGF5JTNBJTIwaW5saW5lLWZsZXglM0IlMjIlM0UlM0NwJTNFJTBBJTNDZGl2JTIwY2xhc3MlM0QlMjJtaXRlY2hwZXJzb25hbGl6emF6aW9uZSUyMiUzRSUzQ2ElMjBocmVmJTNEJTIyJTIyJTIwY2xhc3MlM0QlMjJ1aS10YWJzLWFuY2hvciUyMiUyMHRpdGxlJTNEJTIyQ29zYSUyMHZ1b2wlMjBkaXJlJTIwcGVyJTIwbm9pJTIwcGVyc29uYWxpenphcmUlM0YlMjIlMjB0YXJnZXQlM0QlMjJfYmxhbmslMjIlM0UlM0NoMyUzRSUzQ3N0cm9uZyUzRVBlcnNvbmFsaXp6YXppb25lJTNDJTJGc3Ryb25nJTNFJTNDJTJGaDMlM0UlM0MlMkZhJTNFJTNDJTJGZGl2JTNFJTNDJTJGcCUzRSUzQyUyRmRpdiUzRQ==[\/vc_raw_html][\/vc_column_inner][vc_column_inner width=&#8221;2\/3&#8243;][vc_empty_space height=&#8221;50px&#8221;][vc_column_text]<\/p>\n<p class=\"p1\" style=\"text-align: left;\">La copertura funzionale e di processo di SAP \u00e8 imprescindibile e copre tutti i processi funzionali delle grandi aziende, cos\u00ec anche per la maggior parte dei sistemi gestionali; tuttavia a beneficio\u00a0 dell&#8217;operativit\u00e0 applicata ai processi si presenta talvolta la necessit\u00e0 di rendere pi\u00f9 facile o pi\u00f9 veloce un percorso che sarebbe altrimenti meno agevole. <strong>Quello che fa Mitech \u00e8 di creare un\u2019interfaccia mirata agli utenti sulla base dell\u2019esigenze dell&#8217;azienda per rendere i key user detentori delle modalit\u00e0 operative che li vedono coinvolti e quindi pi\u00f9 veloci ed efficaci sull&#8217;impatto complessivo.<\/strong><\/p>\n<p>[\/vc_column_text][\/vc_column_inner][\/vc_row_inner][vc_row_inner el_id=&#8221;soluzioni&#8221;][vc_column_inner width=&#8221;1\/3&#8243;][vc_empty_space height=&#8221;50px&#8221;][vc_raw_html css=&#8221;.vc_custom_1574025672667{margin-left: 100px !important;}&#8221;]JTNDZGl2JTIwc3R5bGUlM0QlMjJkaXNwbGF5JTNBJTIwaW5saW5lLWZsZXglM0IlMjIlM0UlM0NwJTNFJTBBJTNDZGl2JTIwY2xhc3MlM0QlMjJtaXRlY2hzb2x1emlvbmklMjIlM0UlM0NhJTIwaHJlZiUzRCUyMiUyMiUyMGNsYXNzJTNEJTIydWktdGFicy1hbmNob3IlMjIlMjB0aXRsZSUzRCUyMlNvbHV6aW9uaSUyMGElMjBwcm9ibGVtaSUyMiUyMHRhcmdldCUzRCUyMl9ibGFuayUyMiUzRSUzQ2gzJTNFJTNDc3Ryb25nJTNFQXNjb2x0byUzQyUyRnN0cm9uZyUzRSUzQyUyRmgzJTNFJTNDJTJGYSUzRSUzQyUyRmRpdiUzRSUzQyUyRnAlM0UlM0MlMkZkaXYlM0U=[\/vc_raw_html][\/vc_column_inner][vc_column_inner width=&#8221;2\/3&#8243;][vc_empty_space height=&#8221;50px&#8221;][vc_column_text]<\/p>\n<p class=\"p1\" style=\"text-align: left;\">Comunicare per noi significa semplificare. Semplificazione da parte di chi gioca il ruolo tecnico e capacit\u00e0 di ascolto di chi ci chiede assistenza: sia che si tratti di persone abbastanza esperte, che di persone molto esperte per comunicare al meglio si rende necessario facilitare i percorsi.<br \/>\nLa potenzialit\u00e0 positiva del comprendersi fra i clienti finali e chi lavora per noi\u00a0 nasce\u00a0 dalla piena consapevolezza che solo comunicare bene eleva la qualit\u00e0 dei risultati. Chi non sa ascoltare il cliente e le sue specifiche esigenze, pu\u00f2 anche avere buone abilit\u00e0 \u201ctecnologiche\u201d ma non sapr\u00e0 creare il giusto feed-back fra domanda e risposta.<\/p>\n<p>[\/vc_column_text][\/vc_column_inner][\/vc_row_inner][vc_empty_space height=&#8221;132px&#8221;][\/vc_column][\/vc_row][vc_row][vc_column][vc_row_inner][vc_column_inner width=&#8221;1\/2&#8243;][\/vc_column_inner][vc_column_inner width=&#8221;1\/2&#8243;][vc_empty_space][vc_column_text css=&#8221;.vc_custom_1582026655181{margin-bottom: 0px !important;}&#8221;]<\/p>\n<h4 style=\"text-align: right;\"><span style=\"color: #9db0b3;\">PROFESSIONISTI E RELAZIONI DI ECCELLENZA A LIVELLO GLOBALE<\/span><\/h4>\n<p>[\/vc_column_text][vc_column_text]<\/p>\n<h3 style=\"text-align: right;\"><span style=\"color: #000000;\"><strong>Fai parte di Mitech<\/strong><\/span><\/h3>\n<p>[\/vc_column_text][\/vc_column_inner][\/vc_row_inner][\/vc_column][\/vc_row][vc_row ia_row_style=&#8221;0&#8243; ia_row_paralax=&#8221;0&#8243; ia_row_scheme=&#8221;0&#8243; el_id=&#8221;faipartedimitech&#8221;][vc_column][vc_row_inner][vc_column_inner width=&#8221;1\/2&#8243;][vc_column_text css=&#8221;.vc_custom_1660923062733{margin-bottom: 0px !important;}&#8221;]<\/p>\n<h4 style=\"text-align: left;\"><span style=\"color: #9db0b3;\">POTREBBE INTERESSARTI ANCHE&#8230;<\/span><\/h4>\n<p>[\/vc_column_text][vc_empty_space][vc_masonry_grid post_type=&#8221;ids&#8221; gap=&#8221;2&#8243; item=&#8221;1033&#8243; initial_loading_animation=&#8221;none&#8221; include=&#8221;610, 6532, 9458, 4788, 26, 478, 9458&#8243; grid_id=&#8221;vc_gid:1669200934213-00985dde-b282-8&#8243;][\/vc_column_inner][vc_column_inner width=&#8221;1\/2&#8243;][vc_column_text el_class=&#8221;Mit_testo&#8221;]<\/p>\n<p style=\"text-align: left;\">Cerchiamo di rinnovarci ampliando le nostre collaborazioni e i nostri domini applicativi,\u00a0esplorando le possibilit\u00e0 che le nuove tecnologie abilitano.<\/p>\n<p style=\"text-align: left;\">Siamo un partner affidabile in grado di instaurare <strong>relazioni basate sull&#8217;interscambio e sul dialogo<\/strong>.<\/p>\n<p>[\/vc_column_text][vc_column_text el_class=&#8221;Mit_testo&#8221;]<\/p>\n<h2 style=\"font-weight: 100; font-style: italic; font-size: 26px;\">I nostri fattori di leva sono:<\/h2>\n<p>[\/vc_column_text][vc_column_text el_class=&#8221;Mit_testo&#8221;]<\/p>\n<h2 style=\"font-weight: 100; font-style: italic; font-size: 26px;\">capacit\u00e0 di intercettare le esigenze degli utenti<\/h2>\n<h2 style=\"font-weight: 100; font-style: italic; font-size: 26px;\">capacit\u00e0 di tradurre la tecnologia digitale in soluzioni concrete<\/h2>\n<h2 style=\"font-weight: 100; font-style: italic; font-size: 26px;\">capacit\u00e0 di rendere sempre pi\u00f9 semplice l&#8217;utilizzo dei prodotti e dei servizi digitali<\/h2>\n<h2 style=\"font-weight: 100; font-style: italic; font-size: 26px;\">condivisione e interscambio<\/h2>\n<p>[\/vc_column_text][\/vc_column_inner][\/vc_row_inner][\/vc_column][\/vc_row][vc_row ia_row_style=&#8221;0&#8243; ia_row_paralax=&#8221;0&#8243; ia_row_scheme=&#8221;0&#8243; el_id=&#8221;parliamonoi&#8221;][vc_column offset=&#8221;vc_hidden-lg vc_hidden-md vc_hidden-sm vc_hidden-xs&#8221;][vc_column_text css=&#8221;.vc_custom_1582382931720{margin-bottom: 0px !important;}&#8221;]<\/p>\n<h4 style=\"text-align: right;\"><span style=\"color: #9db0b3;\">LA NOSTRA VOCE: OPINIONI E BUONE IDEE DI CHI LAVORA IN MITECH<\/span><\/h4>\n<p>[\/vc_column_text][vc_column_text]<\/p>\n<h3 style=\"text-align: right;\"><span style=\"color: #000000;\"><strong><a href=\"https:\/\/www.mitechsrl.it\/home\/parliamo-noi\/\">Parliamo Noi<\/a><\/strong><\/span><\/h3>\n<p>[\/vc_column_text][vc_column_text]Il\u00a0<strong>TEAM\u00a0dei consulenti Mitech<\/strong>\u00a0\u00e8 vario e variegato e mette insieme\u00a0<strong>tanti giovani<\/strong>\u00a0ma anche\u00a0<strong>qualche veterano<\/strong>\u00a0che lavora qui da quando l\u2019azienda \u00e8 nata.<\/p>\n<p>Visti dal di fuori appaiono un gruppo eterogeneo, dal di dentro hanno tutti in comune una cosa di cui non sono consapevoli:\u00a0<strong>il bisogno di pensare e creare<\/strong>. Non quadri, non libri, non torte, non case, non accessori: loro creano\u00a0<strong>soluzioni informatiche<\/strong>\u00a0e per farlo hanno imparato i linguaggi necessari a parlare con le macchine cosicch\u00e9 le macchine parlino facilmente con l\u2019uomo.[\/vc_column_text][vc_masonry_grid post_type=&#8221;post&#8221; max_items=&#8221;30&#8243; style=&#8221;load-more&#8221; element_width=&#8221;3&#8243; gap=&#8221;20&#8243; item=&#8221;6850&#8243; button_style=&#8221;square&#8221; button_color=&#8221;black&#8221; grid_id=&#8221;vc_gid:1669200934214-f575d21d-4c43-5&#8243; taxonomies=&#8221;78&#8243;][\/vc_column][\/vc_row][vc_row ia_row_style=&#8221;1&#8243; ia_row_paralax=&#8221;0&#8243; ia_row_scheme=&#8221;0&#8243; css=&#8221;.vc_custom_1450796804094{background-color: #d9e0e0 !important;}&#8221;][vc_column offset=&#8221;vc_hidden-lg vc_hidden-md vc_hidden-sm vc_hidden-xs&#8221;][vc_empty_space height=&#8221;50px&#8221;][vc_column_text css=&#8221;.vc_custom_1582382956854{margin-bottom: 0px !important;}&#8221;]<\/p>\n<h4 style=\"text-align: left;\"><span style=\"color: #9db0b3;\">PARTNERSHIP E CERTIFICAZIONI<\/span><\/h4>\n<p>[\/vc_column_text][vc_column_text]<\/p>\n<h3 style=\"text-align: left;\"><span style=\"color: #000000;\"><strong>Partner e certificazioni<\/strong><\/span><\/h3>\n<p>[\/vc_column_text][vc_empty_space height=&#8221;50px&#8221;][vc_row_inner][vc_column_inner width=&#8221;1\/4&#8243;][vc_single_image image=&#8221;3502&#8243; img_size=&#8221;medium&#8221; alignment=&#8221;center&#8221; onclick=&#8221;custom_link&#8221; img_link_target=&#8221;_blank&#8221; link=&#8221;http:\/\/go.sap.com\/italy\/index.html&#8221;][\/vc_column_inner][vc_column_inner width=&#8221;1\/4&#8243;][vc_single_image image=&#8221;3506&#8243; img_size=&#8221;full&#8221; onclick=&#8221;custom_link&#8221; img_link_target=&#8221;_blank&#8221; link=&#8221;http:\/\/www.opentext.se\/what-we-do\/partners-and-alliances\/partner-directory\/partner-directory-detail?id=001D000001HHstYIAT&#8221;][\/vc_column_inner][vc_column_inner width=&#8221;1\/4&#8243;][vc_single_image image=&#8221;1854&#8243; img_size=&#8221;full&#8221; alignment=&#8221;center&#8221; onclick=&#8221;custom_link&#8221; img_link_target=&#8221;_blank&#8221; link=&#8221;https:\/\/apx-labs.com\/skylight\/&#8221;][vc_empty_space height=&#8221;10px&#8221;][\/vc_column_inner][vc_column_inner width=&#8221;1\/4&#8243;][vc_single_image image=&#8221;6858&#8243; img_size=&#8221;100&#215;87&#8243; onclick=&#8221;custom_link&#8221; img_link_target=&#8221;_blank&#8221; link=&#8221;https:\/\/inductiveautomation.com\/integrators\/results\/107555?accountSlug=105784&#8243;][\/vc_column_inner][\/vc_row_inner][vc_empty_space height=&#8221;50px&#8221;][\/vc_column][\/vc_row]<\/p>\n","protected":false},"excerpt":{"rendered":"<p>[vc_row ia_row_style=&#8221;0&#8243; ia_row_paralax=&#8221;0&#8243; ia_row_scheme=&#8221;0&#8243; css=&#8221;.vc_custom_1660916857586{background-image: url(https:\/\/www.mitechsrl.it\/wp-content\/uploads\/2018\/08\/mitech-soluzioni-sap.png?id=4348) !important;}&#8221; el_class=&#8221;ingranaggi&#8221;][vc_column][vc_column_text css=&#8221;.vc_custom_1660916894155{margin-bottom: 0px !important;}&#8221;] INFORMAZIONI SU DI NOI [\/vc_column_text][vc_column_text] Chi Siamo [\/vc_column_text][vc_raw_html]JTNDZGl2JTIwc3R5bGUlM0QlMjJkaXNwbGF5JTNBJTIwaW5saW5lLWZsZXglM0IlMjIlM0UlM0NwJTNFJTNDc3Ryb25nJTNFTWl0ZWNoJTIwbmFzY2UlMjBuZWwlMjAyMDA3JTNDJTJGc3Ryb25nJTNFJTIwZ3JhemllJTIwYWxsJUUyJTgwJTk5aW5pemlhdGl2YSUyMGRpJTNDZGl2JTIwY2xhc3MlM0QlMjJtaXRlY2glMjIlM0UlM0NhJTIwaHJlZiUzRCUyMmh0dHAlM0ElMkYlMkZ3d3cubWl0ZWNoc3JsLml0JTJGbWVtYmVyJTJGb3duZXIlMkYlMjIlMjBjbGFzcyUzRCUyMnVpLXRhYnMtYW5jaG9yJTIyJTIwdGFyZ2V0JTNEJTIyX2JsYW5rJTIyJTNFJTNDaDElM0UlM0NzdHJvbmclM0VBbGJlcnRvJTIwQWxsZWdyZXR0aSUzQyUyRnN0cm9uZyUzRSUzQyUyRmgxJTNFJTNDJTJGYSUzRSUzQyUyRmRpdiUzRSUzQyUyRnAlM0UlM0MlMkZkaXYlM0U=[\/vc_raw_html][vc_row_inner][vc_column_inner width=&#8221;2\/3&#8243;][vc_column_text]Mitech nasce con l\u2019obiettivo di creare un polo di competenza tecnologica a Mantova. Il core business [&hellip;]<\/p>\n","protected":false},"author":1,"featured_media":0,"parent":0,"menu_order":0,"comment_status":"closed","ping_status":"closed","template":"","meta":{"_seopress_robots_primary_cat":""},"translation":{"provider":"WPGlobus","version":"2.10.3","language":"en","enabled_languages":["it","en"],"languages":{"it":{"title":true,"content":true,"excerpt":false},"en":{"title":false,"content":false,"excerpt":false}}},"_links":{"self":[{"href":"https:\/\/www.mitechsrl.it\/en\/wp-json\/wp\/v2\/pages\/8539"}],"collection":[{"href":"https:\/\/www.mitechsrl.it\/en\/wp-json\/wp\/v2\/pages"}],"about":[{"href":"https:\/\/www.mitechsrl.it\/en\/wp-json\/wp\/v2\/types\/page"}],"author":[{"embeddable":true,"href":"https:\/\/www.mitechsrl.it\/en\/wp-json\/wp\/v2\/users\/1"}],"replies":[{"embeddable":true,"href":"https:\/\/www.mitechsrl.it\/en\/wp-json\/wp\/v2\/comments?post=8539"}],"version-history":[{"count":58,"href":"https:\/\/www.mitechsrl.it\/en\/wp-json\/wp\/v2\/pages\/8539\/revisions"}],"predecessor-version":[{"id":10226,"href":"https:\/\/www.mitechsrl.it\/en\/wp-json\/wp\/v2\/pages\/8539\/revisions\/10226"}],"wp:attachment":[{"href":"https:\/\/www.mitechsrl.it\/en\/wp-json\/wp\/v2\/media?parent=8539"}],"curies":[{"name":"wp","href":"https:\/\/api.w.org\/{rel}","templated":true}]}}